{"id":18498,"date":"2025-12-02T11:04:57","date_gmt":"2025-12-02T10:04:57","guid":{"rendered":"https:\/\/www.bachletten-holbein.ch\/?page_id=18498"},"modified":"2025-12-02T11:07:19","modified_gmt":"2025-12-02T10:07:19","slug":"impressum","status":"publish","type":"page","link":"https:\/\/www.bachletten-holbein.ch\/?page_id=18498","title":{"rendered":"Impressum"},"content":{"rendered":"<div class=\"wpb-content-wrapper\"><p>[vc_row][vc_column bg_style=&#8220;grey-wrapper&#8220;][vc_column_text css=&#8220;&#8220;]<\/p>\n<h2><strong>Impressum<\/strong><\/h2>\n<p>Die auf dieser Homepage aufgef\u00fchrten Texte und Bilder unterliegen dem Copyrightschutz und d\u00fcrfen nicht ohne Einwilligung von uns weiterverwendet werden.<\/p>\n<p>Neutraler Quartierverein<br \/>\nBachletten-Holbein<br \/>\n4054 Basel<\/p>\n<p>Office: 061 511 78 78<br \/>\nE-Mail: <a href=\"mailto:kontakt@bachletten-holbein.ch\">kontakt@bachletten-holbein.ch<\/a><\/p>\n<p>&nbsp;<\/p>\n<p><strong>Widerspruch gegen unerw\u00fcnschte Werbe-E-Mails oder Post<\/strong><\/p>\n<p>Der Nutzung der im Rahmen der Impressumspflicht ver\u00f6ffentlichten Kontaktdaten zur \u00dcbersendung von nicht ausdr\u00fccklich angeforderter Werbung und Informationsmaterialien wird hiermit widersprochen. Im Falle der unverlangten Zusendung von Werbeinformationen, etwa durch Spam-E-Mails oder Post, behalten die Betreiber dieser Seite ausdr\u00fccklich rechtliche Schritte vor.[\/vc_column_text][\/vc_column][\/vc_row]<\/p>\n<\/div>","protected":false},"excerpt":{"rendered":"<p>[vc_row][vc_column bg_style=&#8220;grey-wrapper&#8220;][vc_column_text css=&#8220;&#8220;] Impressum Die auf dieser Homepage aufgef\u00fchrten Texte und Bilder unterliegen dem Copyrightschutz und d\u00fcrfen nicht ohne Einwilligung von uns weiterverwendet werden. Neutraler Quartierverein Bachletten-Holbein 4054 Basel Office: 061 511 78 78 E-Mail: kontakt@bachletten-holbein.ch &nbsp; Widerspruch gegen unerw\u00fcnschte Werbe-E-Mails oder Post Der Nutzung der im Rahmen der Impressumspflicht ver\u00f6ffentlichten Kontaktdaten zur \u00dcbersendung von nicht ausdr\u00fccklich angeforderter Werbung und&#8230;<\/p>\n","protected":false},"author":7,"featured_media":0,"parent":0,"menu_order":0,"comment_status":"closed","ping_status":"closed","template":"template-fullwidth.php","meta":{"footnotes":""},"class_list":["post-18498","page","type-page","status-publish","hentry"],"_links":{"self":[{"href":"https:\/\/www.bachletten-holbein.ch\/index.php?rest_route=\/wp\/v2\/pages\/18498","targetHints":{"allow":["GET"]}}],"collection":[{"href":"https:\/\/www.bachletten-holbein.ch\/index.php?rest_route=\/wp\/v2\/pages"}],"about":[{"href":"https:\/\/www.bachletten-holbein.ch\/index.php?rest_route=\/wp\/v2\/types\/page"}],"author":[{"embeddable":true,"href":"https:\/\/www.bachletten-holbein.ch\/index.php?rest_route=\/wp\/v2\/users\/7"}],"replies":[{"embeddable":true,"href":"https:\/\/www.bachletten-holbein.ch\/index.php?rest_route=%2Fwp%2Fv2%2Fcomments&post=18498"}],"version-history":[{"count":4,"href":"https:\/\/www.bachletten-holbein.ch\/index.php?rest_route=\/wp\/v2\/pages\/18498\/revisions"}],"predecessor-version":[{"id":18502,"href":"https:\/\/www.bachletten-holbein.ch\/index.php?rest_route=\/wp\/v2\/pages\/18498\/revisions\/18502"}],"wp:attachment":[{"href":"https:\/\/www.bachletten-holbein.ch\/index.php?rest_route=%2Fwp%2Fv2%2Fmedia&parent=18498"}],"curies":[{"name":"wp","href":"https:\/\/api.w.org\/{rel}","templated":true}]}}