{"id":11633,"date":"2019-01-25T09:26:59","date_gmt":"2019-01-25T09:26:59","guid":{"rendered":"https:\/\/www.bachletten-holbein.ch\/neu\/?page_id=11633"},"modified":"2019-05-01T08:00:51","modified_gmt":"2019-05-01T08:00:51","slug":"bazar-2","status":"publish","type":"page","link":"https:\/\/www.bachletten-holbein.ch\/?page_id=11633","title":{"rendered":"Quartierbuch"},"content":{"rendered":"<div class=\"wpb-content-wrapper\"><p>[vc_row][vc_column width=&#8220;1\/2&#8243;][vc_single_image image=&#8220;11634&#8243; img_size=&#8220;346&#215;520&#8243;][\/vc_column][vc_column width=&#8220;1\/2&#8243;][vc_column_text]<strong>Editoral,<\/strong><br \/>\n<strong>Suzanne Schwarz<\/strong>, Redaktorin.<\/p>\n<p>Liebe Leserin , Lieber Leser, Dear Neighbour<\/p>\n<p>Sie leben oder lebten im Bachletten-Holbein-Quartier. F\u00fcr Sie haben wir dieses Quartierbuch gemacht. Unser Team hat vieles erforscht, gefunden und zusammengetragen. Geschichten, Berichte, Fotos und Pl\u00e4ne, n\u00fctzliche Informationen und Adressen.<\/p>\n<p>Wir berichten von den Anf\u00e4ngen und der Entwicklung des erst 150 Jahre alten Quartiers und r\u00fccken bedeutende Anlagen wie Sch\u00fctzenmatte und Zoologischen Garten ins Licht.<\/p>\n<p>Wir dokumentieren die sehenswerte Architektur vom Jugendstil bis in die Moderne. Etliche Beitr\u00e4ge gelten der Kultur und den Kulturschaffenden im Quartier &#8211; immerhin leben drei mit dem Kulturpreis der Stadt Basel Ausgezeichnete unter uns!<\/p>\n<p>Zum Quartierleben geh\u00f6ren auch die zahlreichen religi\u00f6sen oder ideellen Gemeinschaften und die sozialen Organisationen. Die Leistungen des Quartiervereins werden hervorgehoben wie auch die Entstehung des QuBa, des Quartierzentrums Bachletten, des allerersten Quartiertreffpunkts der Stadt Basel.[\/vc_column_text][\/vc_column][\/vc_row][vc_row][vc_column][vc_column_text]Es war uns ein grosses Anliegen, die Menschen im Quartier erz\u00e4hlen zu lassen und ihre Meinungen zu h\u00f6ren. Wir sprachen unter anderem mit Quartierbewohnern, die im oder f\u00fcrs Quartier arbeiten, mit einer 101 Jahre alten Dame, die sich gut an die alten Zeiten erinnert, mit jungen Menschen, die spontan und offen ihre W\u00fcnsche und Erlebnisse erz\u00e4hlten. <span style=\"color: #99cc00;\"><a style=\"color: #99cc00;\" href=\"https:\/\/www.bachletten-holbein.ch\/wp-content\/uploads\/2019\/03\/editorial.pdf\" target=\"_blank\" rel=\"noopener\">Weiter<\/a><\/span><\/p>\n<p>Der NQVB-H ist Herausgeber des 2013 erschienen Buches. Das Buch hat auch einen Plan mit n\u00fctzlichen Informationen. Dar\u00fcber hinaus finden sich Rundg\u00e4nge durch Quartierstrassen mit Beschreibungen aussergew\u00f6hnlicher H\u00e4user.<\/p>\n<p>Bestellt werden kann das Buch f\u00fcr Fr. 20.00 unter <span style=\"color: #99cc00;\"><a style=\"color: #99cc00;\" href=\"mailto:kontakt@bachletten-holbein.ch\">Email<\/a>.<\/span><\/p>\n<p>Bei Bestellungen ausserhalb des Quartiers werden Fr. 7.00 f\u00fcr den Versand in Rechnung gestellt.<\/p>\n<p><a href=\"https:\/\/www.bachletten-holbein.ch\/wp-content\/uploads\/2019\/01\/buch_presse.pdf\">PDF Pressestimmen zum Buch<\/a>\u00a0und<a href=\"https:\/\/www.basellandschaftlichezeitung.ch\/basel\/basel-stadt\/ein-buch-ueber-das-junge-traditionsquartier-bachletten-127451745\" target=\"_blank\" rel=\"noopener\"> BZ Artikel vom 06.12.2013<\/a><\/p>\n<p>R\u00fcckmeldung einer Leserin aus Deutschland:Das Buch \u201eDas Bachletten-Holbein-Quartier in Basel\u201c begeistert mich. Das ist ganz toll gemacht: die Mischung von historischem bis heute, die verschiedenen menschlichen Aspekte\u2026 Es macht neugierig, dieses Quartier kennen zu lernen. Wie sch\u00f6n muss es f\u00fcr die Menschen sein, die dort leben&#8230;. (Oktober 2014)[\/vc_column_text][\/vc_column][\/vc_row]<\/p>\n<\/div>","protected":false},"excerpt":{"rendered":"<p>[vc_row][vc_column width=&#8220;1\/2&#8243;][vc_single_image image=&#8220;11634&#8243; img_size=&#8220;346&#215;520&#8243;][\/vc_column][vc_column width=&#8220;1\/2&#8243;][vc_column_text]Editoral, Suzanne Schwarz, Redaktorin. Liebe Leserin , Lieber Leser, Dear Neighbour Sie leben oder lebten im Bachletten-Holbein-Quartier. F\u00fcr Sie haben wir dieses Quartierbuch gemacht. Unser Team hat vieles erforscht, gefunden und zusammengetragen. Geschichten, Berichte, Fotos und Pl\u00e4ne, n\u00fctzliche Informationen und Adressen. Wir berichten von den Anf\u00e4ngen und der Entwicklung des erst 150 Jahre alten Quartiers und&#8230;<\/p>\n","protected":false},"author":1,"featured_media":0,"parent":0,"menu_order":0,"comment_status":"closed","ping_status":"closed","template":"","meta":{"footnotes":""},"class_list":["post-11633","page","type-page","status-publish","hentry"],"_links":{"self":[{"href":"https:\/\/www.bachletten-holbein.ch\/index.php?rest_route=\/wp\/v2\/pages\/11633","targetHints":{"allow":["GET"]}}],"collection":[{"href":"https:\/\/www.bachletten-holbein.ch\/index.php?rest_route=\/wp\/v2\/pages"}],"about":[{"href":"https:\/\/www.bachletten-holbein.ch\/index.php?rest_route=\/wp\/v2\/types\/page"}],"author":[{"embeddable":true,"href":"https:\/\/www.bachletten-holbein.ch\/index.php?rest_route=\/wp\/v2\/users\/1"}],"replies":[{"embeddable":true,"href":"https:\/\/www.bachletten-holbein.ch\/index.php?rest_route=%2Fwp%2Fv2%2Fcomments&post=11633"}],"version-history":[{"count":11,"href":"https:\/\/www.bachletten-holbein.ch\/index.php?rest_route=\/wp\/v2\/pages\/11633\/revisions"}],"predecessor-version":[{"id":12753,"href":"https:\/\/www.bachletten-holbein.ch\/index.php?rest_route=\/wp\/v2\/pages\/11633\/revisions\/12753"}],"wp:attachment":[{"href":"https:\/\/www.bachletten-holbein.ch\/index.php?rest_route=%2Fwp%2Fv2%2Fmedia&parent=11633"}],"curies":[{"name":"wp","href":"https:\/\/api.w.org\/{rel}","templated":true}]}}