{"id":10449,"date":"2017-07-29T13:15:24","date_gmt":"2017-07-29T13:15:24","guid":{"rendered":"http:\/\/demo.zozothemes.com\/medicalhealth\/?page_id=10449"},"modified":"2025-12-31T15:02:14","modified_gmt":"2025-12-31T14:02:14","slug":"pediatrician-home","status":"publish","type":"page","link":"https:\/\/www.bachletten-holbein.ch\/","title":{"rendered":"Home"},"content":{"rendered":"<div class=\"wpb-content-wrapper\"><p>[vc_row][vc_column width=&#8220;1\/4&#8243; css=&#8220;.vc_custom_1553520998032{margin-top: -30px !important;}&#8220;][\/vc_column][vc_column width=&#8220;1\/2&#8243; bg_style=&#8220;grey-wrapper&#8220;][vc_column_text]<\/p>\r\n<h4 style=\"text-align: left;\"><strong>Das Bachletten-Holbein-Quartier ist Ihr Quartier!<\/strong><\/h4>\r\n<p style=\"text-align: center;\">Wohnen Sie gerne im Bachletten-Holbein-Quartier? Sch\u00e4tzen Sie die N\u00e4he zur Stadt, zum Zolli, die Einkaufsm\u00f6glichkeiten und die Beschaulichkeit?<\/p>\r\n<p style=\"text-align: center;\">Sind Sie neugierig, das Quartier in all seinen Facetten kennenzulernen? Dann sind Sie bei uns richtig!<\/p>\r\n<p style=\"text-align: center;\">Kontaktieren Sie uns f\u00fcr eine Mitgliedschaft \u00fcber den untenstehenden Button.<br \/>Wir w\u00fcrden uns freuen!<\/p>\r\n<p>[\/vc_column_text][vc_icon size=&#8220;xl&#8220; align=&#8220;center&#8220; css_animation=&#8220;bounceIn&#8220; css=&#8220;&#8220; link=&#8220;url:https%3A%2F%2Fwww.bachletten-holbein.ch%2F%3Fpage_id%3D12070%20&#8243;][vc_btn title=&#8220;Anmeldung Mitgliedschaft&#8220; style=&#8220;custom&#8220; custom_background=&#8220;#DD3333&#8243; custom_text=&#8220;#000000&#8243; size=&#8220;lg&#8220; align=&#8220;center&#8220; css=&#8220;.vc_custom_1743668646571{margin-top: -20px !important;border-bottom-width: -50px !important;background-color: #000000 !important;border-bottom-style: solid !important;}&#8220; button_block=&#8220;true&#8220; link=&#8220;url:https%3A%2F%2Fwww.bachletten-holbein.ch%2F%3Fpage_id%3D12070|||&#8220;][vc_btn title=&#8220;\u00dcber uns&#8220; style=&#8220;modern&#8220; shape=&#8220;square&#8220; size=&#8220;lg&#8220; align=&#8220;center&#8220; css=&#8220;.vc_custom_1740588266586{margin-top: 110px !important;margin-left: 80px !important;}&#8220; button_block=&#8220;true&#8220; link=&#8220;url:https%3A%2F%2Fwww.bachletten-holbein.ch%2F%3Fpage_id%3D10666|||&#8220;][vc_column_text css=&#8220;&#8220;]<\/p>\r\n<h4><strong>Spenden<\/strong><\/h4>\r\n<p>Wir sind ein gemeinn\u00fctziger Verein, der sich allein \u00fcber die Mitgliederbeitr\u00e4ge und freiwillige Zuwendungen finanziert. Wenn Sie uns zus\u00e4tzlich zum Mitgliederbeitrag durch eine Spende unterst\u00fctzen wollen, sind wir Ihnen sehr dankbar.<br \/>Hier finden Sie hier unsere Kontoangaben:<\/p>\r\n<p><span style=\"color: #ff0000;\">Spendenkonto<\/span><br \/><span style=\"color: #ff0000;\">Postcheckkonto:\u00a0\u00a0\u00a0\u00a0 40-29996-7<\/span><br \/><span style=\"color: #ff0000;\">Neutraler Quartierverein Bachletten-Holbein<\/span><br \/><span style=\"color: #ff0000;\">4054 Basel<\/span><br \/><span style=\"color: #ff0000;\">IBAN:\u00a0\u00a0\u00a0\u00a0\u00a0\u00a0\u00a0\u00a0\u00a0\u00a0\u00a0\u00a0\u00a0\u00a0\u00a0\u00a0\u00a0\u00a0\u00a0\u00a0 \u00a0\u00a0 \u00a0\u00a0 CH47 0900 0000 4002 9996 7<\/span><\/p>\r\n<p>[\/vc_column_text][\/vc_column][vc_column width=&#8220;1\/4&#8243;][vc_single_image image=&#8220;12272&#8243; img_size=&#8220;50&#215;50&#8243; alignment=&#8220;right&#8220; onclick=&#8220;custom_link&#8220; img_link_target=&#8220;_blank&#8220; css=&#8220;.vc_custom_1554879082152{margin-top: 80px !important;margin-right: 100px !important;padding-right: 30px !important;}&#8220; link=&#8220;https:\/\/www.facebook.com\/NQVBH\/&#8220;][vc_column_text css=&#8220;.vc_custom_1554878769996{margin-top: -30px !important;}&#8220;]<\/p>\r\n<p style=\"text-align: center;\">Folgen Sie uns auf Facebook<\/p>\r\n<p>[\/vc_column_text]<div class=\"zozo-vc-custom-css\" data-css=\"#feature-box-1 .grid-item .grid-box-inner .grid-icon { color:#81d742; }\n\"><\/div><div class=\"zozo-feature-box feature-box-style style-default-box style-sep-yes  clearfix\" id=\"feature-box-1\"><div class=\"grid-item\"><div class=\"grid-box-inner grid-text-center grid-box-exlarge grid-box-icon-none grid-shape-none\"><div class=\"grid-icon-wrapper icon-hv-bg-icon shape-icon-none\"><i class=\"fa fa-envelope-o grid-icon zozo-icon icon-none icon-skin-default icon-bg pattern-1 icon-exlarge\"><\/i><\/div><h5 class=\"grid-title-below grid-title \" >Mail<\/h5><div class=\"grid-desc\" ><p style=\"text-align: center;\"><a href=\"mailto:kontakt@bachletten-holbein.ch\" target=\"_blank\" rel=\"noopener noreferrer\">Email senden<\/a><\/p>\n<p>&nbsp;<\/p>\n<p>&nbsp;<\/p>\n<\/div><\/div><\/div><\/div>[\/vc_column][\/vc_row][vc_row css=&#8220;.vc_custom_1553521272507{margin-top: -60px !important;}&#8220;][vc_column width=&#8220;1\/3&#8243;][vc_single_image image=&#8220;11546&#8243; img_size=&#8220;600&#215;258&#8243; onclick=&#8220;custom_link&#8220; link=&#8220;https:\/\/www.bachletten-holbein.ch\/?page_id=11574&#8243;][vc_column_text]<\/p>\r\n<h3 style=\"text-align: center;\">Events im Quartier<\/h3>\r\n<p>[\/vc_column_text][\/vc_column][vc_column width=&#8220;1\/3&#8243;][vc_single_image image=&#8220;15042&#8243; img_size=&#8220;600&#215;258&#8243; onclick=&#8220;custom_link&#8220; link=&#8220;https:\/\/www.bachletten-holbein.ch\/?page_id=11564&#8243;][vc_column_text]<\/p>\r\n<h3 style=\"text-align: center;\">dienstagsMARKT<\/h3>\r\n<p>[\/vc_column_text][\/vc_column][vc_column width=&#8220;1\/3&#8243;][vc_single_image image=&#8220;17210&#8243; img_size=&#8220;600&#215;258&#8243; alignment=&#8220;center&#8220; onclick=&#8220;custom_link&#8220; link=&#8220;https:\/\/www.bachletten-holbein.ch\/?page_id=17112&#8243;][vc_column_text]<\/p>\r\n<h3 style=\"text-align: center;\">Abendmarkt<\/h3>\r\n<p>[\/vc_column_text][\/vc_column][\/vc_row][vc_row css=&#8220;.vc_custom_1553521292638{margin-top: -60px !important;}&#8220;][vc_column][vc_column_text]<\/p>\r\n<h2 style=\"text-align: center;\">News<\/h2>\r\n<p>[\/vc_column_text][vc_masonry_grid post_type=&#8220;post&#8220; max_items=&#8220;20&#8243; css=&#8220;&#8220; grid_id=&#8220;vc_gid:1766072777022-f940c055-ae56-5&#8243; taxonomies=&#8220;52&#8243;][vc_btn title=&#8220;Beitr\u00e4ge im Archiv&#8220; color=&#8220;danger&#8220; align=&#8220;center&#8220; i_icon_fontawesome=&#8220;fa fa-hand-o-right&#8220; css=&#8220;.vc_custom_1560851833376{padding-right: -50px !important;}&#8220; add_icon=&#8220;true&#8220; link=&#8220;url:https%3A%2F%2Fwww.bachletten-holbein.ch%2F%3Fpage_id%3D12239|title:Beitr%C3%A4ge%20im%20Archiv|target:%20_blank|&#8220;][vc_column_text css=&#8220;&#8220;]<\/p>\r\n<p>&nbsp;<\/p>\r\n<p>&nbsp;<\/p>\r\n<p>&nbsp;<\/p>\r\n<p>&nbsp;<\/p>\r\n<p>[\/vc_column_text][\/vc_column][vc_column][\/vc_column][\/vc_row][vc_row css=&#8220;.vc_custom_1553679449889{background-color: #879b30 !important;}&#8220;][vc_column css=&#8220;.vc_custom_1553520998032{margin-top: -30px !important;}&#8220;][vc_btn title=&#8220;Newsletter anmelden&#8220; color=&#8220;warning&#8220; size=&#8220;lg&#8220; align=&#8220;center&#8220; css=&#8220;.vc_custom_1744469217166{margin-top: -20px !important;border-bottom-width: -50px !important;}&#8220; button_block=&#8220;true&#8220; link=&#8220;url:https%3A%2F%2Fwww.bachletten-holbein.ch%2F%3Fpage_id%3D12480|||&#8220;][\/vc_column][\/vc_row]<\/p><\/div>","protected":false},"excerpt":{"rendered":"<p>[vc_row][vc_column width=&#8220;1\/4&#8243; css=&#8220;.vc_custom_1553520998032{margin-top: -30px !important;}&#8220;][\/vc_column][vc_column width=&#8220;1\/2&#8243; bg_style=&#8220;grey-wrapper&#8220;][vc_column_text] Das Bachletten-Holbein-Quartier ist Ihr Quartier! Wohnen Sie gerne im Bachletten-Holbein-Quartier? Sch\u00e4tzen Sie die N\u00e4he zur Stadt, zum Zolli, die Einkaufsm\u00f6glichkeiten und die Beschaulichkeit? Sind Sie neugierig, das Quartier in all seinen Facetten kennenzulernen? Dann sind Sie bei uns richtig! Kontaktieren Sie uns f\u00fcr eine Mitgliedschaft \u00fcber den untenstehenden Button.Wir w\u00fcrden uns freuen! [\/vc_column_text][vc_icon&#8230;<\/p>\n","protected":false},"author":1,"featured_media":0,"parent":0,"menu_order":0,"comment_status":"closed","ping_status":"closed","template":"template-fullwidth.php","meta":{"footnotes":""},"class_list":["post-10449","page","type-page","status-publish","hentry"],"_links":{"self":[{"href":"https:\/\/www.bachletten-holbein.ch\/index.php?rest_route=\/wp\/v2\/pages\/10449","targetHints":{"allow":["GET"]}}],"collection":[{"href":"https:\/\/www.bachletten-holbein.ch\/index.php?rest_route=\/wp\/v2\/pages"}],"about":[{"href":"https:\/\/www.bachletten-holbein.ch\/index.php?rest_route=\/wp\/v2\/types\/page"}],"author":[{"embeddable":true,"href":"https:\/\/www.bachletten-holbein.ch\/index.php?rest_route=\/wp\/v2\/users\/1"}],"replies":[{"embeddable":true,"href":"https:\/\/www.bachletten-holbein.ch\/index.php?rest_route=%2Fwp%2Fv2%2Fcomments&post=10449"}],"version-history":[{"count":267,"href":"https:\/\/www.bachletten-holbein.ch\/index.php?rest_route=\/wp\/v2\/pages\/10449\/revisions"}],"predecessor-version":[{"id":18517,"href":"https:\/\/www.bachletten-holbein.ch\/index.php?rest_route=\/wp\/v2\/pages\/10449\/revisions\/18517"}],"wp:attachment":[{"href":"https:\/\/www.bachletten-holbein.ch\/index.php?rest_route=%2Fwp%2Fv2%2Fmedia&parent=10449"}],"curies":[{"name":"wp","href":"https:\/\/api.w.org\/{rel}","templated":true}]}}